{"id":18,"date":"2014-06-18T19:26:06","date_gmt":"2014-06-18T19:26:06","guid":{"rendered":"http:\/\/riad-devinci.com\/?page_id=18"},"modified":"2015-12-21T12:26:23","modified_gmt":"2015-12-21T12:26:23","slug":"contact","status":"publish","type":"page","link":"http:\/\/riad-devinci.com\/?page_id=18","title":{"rendered":"Contact"},"content":{"rendered":"<p>Comment acc\u00e9der au Riad en voiture ?<\/p>\n<p>Au d\u00e9part de la Place Jemaa El Fna, qui est \u00e0 votre droite, remonter vers le Nord, tout droit, dans la rue Fatima Zohra. Passer devant le palais royal Dar El Bacha (rep\u00e9rable \u00e0 ses grands murs d\u2019enceinte et ses gardes en uniforme post\u00e9s devant ses portes) et suivre la route. <\/p>\n<p>Arriv\u00e9s \u00e0 une fourche (Riad La\u00e2rouss), restez \u00e0 droite et suivez la route. Passez devant une pharmacie (Pharmacie Populaire) et continuez jusqu\u2019\u00e0 la place Sidi Ben Slimane qui vous fait face avec une \u00e9cole primaire et une mosqu\u00e9e. <\/p>\n<p>Garez-vous ici un instant et appelez nous au 00212 524 38 52 19 pour que nous envoyions un membre du staff qui s\u2019occupera de vous accompagner jusqu\u2019au Riad avec vos bagages.<\/p>\n","protected":false},"excerpt":{"rendered":"<p>Comment acc\u00e9der au Riad en voiture ? Au d\u00e9part de la Place Jemaa El Fna, qui est \u00e0 votre droite, remonter vers le Nord, tout droit, dans la rue Fatima Zohra. Passer devant le palais royal Dar El Bacha (rep\u00e9rable \u00e0 ses grands murs d\u2019enceinte et ses gardes en uniforme[&#8230;]<\/p>\n","protected":false},"author":1,"featured_media":0,"parent":0,"menu_order":0,"comment_status":"open","ping_status":"open","template":"template-contact.php","meta":[],"_links":{"self":[{"href":"http:\/\/riad-devinci.com\/index.php?rest_route=\/wp\/v2\/pages\/18"}],"collection":[{"href":"http:\/\/riad-devinci.com\/index.php?rest_route=\/wp\/v2\/pages"}],"about":[{"href":"http:\/\/riad-devinci.com\/index.php?rest_route=\/wp\/v2\/types\/page"}],"author":[{"embeddable":true,"href":"http:\/\/riad-devinci.com\/index.php?rest_route=\/wp\/v2\/users\/1"}],"replies":[{"embeddable":true,"href":"http:\/\/riad-devinci.com\/index.php?rest_route=%2Fwp%2Fv2%2Fcomments&post=18"}],"version-history":[{"count":11,"href":"http:\/\/riad-devinci.com\/index.php?rest_route=\/wp\/v2\/pages\/18\/revisions"}],"predecessor-version":[{"id":653,"href":"http:\/\/riad-devinci.com\/index.php?rest_route=\/wp\/v2\/pages\/18\/revisions\/653"}],"wp:attachment":[{"href":"http:\/\/riad-devinci.com\/index.php?rest_route=%2Fwp%2Fv2%2Fmedia&parent=18"}],"curies":[{"name":"wp","href":"https:\/\/api.w.org\/{rel}","templated":true}]}}